{"id":61,"date":"2020-08-10T18:27:46","date_gmt":"2020-08-10T18:27:46","guid":{"rendered":"https:\/\/test.ruppen.productions\/?page_id=61"},"modified":"2022-11-06T14:44:14","modified_gmt":"2022-11-06T13:44:14","slug":"umbau-renovation","status":"publish","type":"page","link":"https:\/\/rs-umbau.ch\/?page_id=61","title":{"rendered":"Umbau &#038; Renovation"},"content":{"rendered":"<p>[et_pb_section fb_built=&#8220;1&#8243; _builder_version=&#8220;4.16&#8243; background_image=&#8220;https:\/\/rs-umbau.ch\/wp-content\/uploads\/2020\/08\/BG2.jpg&#8220; parallax=&#8220;on&#8220; parallax_method=&#8220;off&#8220; global_colors_info=&#8220;{}&#8220;][et_pb_row _builder_version=&#8220;4.16&#8243; _module_preset=&#8220;default&#8220; global_colors_info=&#8220;{}&#8220;][et_pb_column type=&#8220;4_4&#8243; _builder_version=&#8220;4.16&#8243; _module_preset=&#8220;default&#8220; global_colors_info=&#8220;{}&#8220;][et_pb_menu active_link_color=&#8220;#ea7b3c&#8220; _builder_version=&#8220;4.16&#8243; _module_preset=&#8220;default&#8220; menu_font=&#8220;Roboto Condensed||||||||&#8220; menu_text_color=&#8220;#969696&#8243; menu_font_size=&#8220;18px&#8220; menu_line_height=&#8220;1.4em&#8220; background_enable_color=&#8220;off&#8220; global_colors_info=&#8220;{}&#8220;][\/et_pb_menu][\/et_pb_column][\/et_pb_row][et_pb_row _builder_version=&#8220;4.16&#8243; _module_preset=&#8220;default&#8220; global_colors_info=&#8220;{}&#8220;][et_pb_column type=&#8220;4_4&#8243; _builder_version=&#8220;4.16&#8243; _module_preset=&#8220;default&#8220; global_colors_info=&#8220;{}&#8220;][et_pb_image src=&#8220;https:\/\/rs-umbau.ch\/wp-content\/uploads\/2020\/08\/auto.jpg&#8220; title_text=&#8220;auto&#8220; _builder_version=&#8220;4.16&#8243; _module_preset=&#8220;default&#8220; global_colors_info=&#8220;{}&#8220;][\/et_pb_image][\/et_pb_column][\/et_pb_row][et_pb_row _builder_version=&#8220;4.16&#8243; _module_preset=&#8220;default&#8220; global_colors_info=&#8220;{}&#8220;][et_pb_column type=&#8220;4_4&#8243; _builder_version=&#8220;4.16&#8243; _module_preset=&#8220;default&#8220; global_colors_info=&#8220;{}&#8220;][et_pb_text _builder_version=&#8220;4.16&#8243; _module_preset=&#8220;default&#8220; background_layout=&#8220;dark&#8220; global_colors_info=&#8220;{}&#8220;]<\/p>\n<h4><span>Umbau &amp; Renovationen<\/p>\n<p><\/span><\/h4>\n<p>Sie planen einen Umbau oder haben ein Projekt?<br \/> <span style=\"font-size: 18px;\">Sie m\u00f6chten gern selbst mit anpacken? Wissen aber nicht wie?<br \/> <\/span><span style=\"font-size: 18px;\">Dann bin ich ihr Ansprechpartner!<br \/> <\/span><span style=\"font-size: 18px;\">Gern \u00fcbernehme ich die Organisation Ihres Bauprojekts<br \/> <\/span><span style=\"font-size: 18px;\">und behalte dabei Ihr Budget im Auge.<br \/> <\/span><span style=\"font-size: 18px;\">Ich k\u00fcmmere mich um den korrekten Arbeitsablauf und arbeite dabei eng mit Fachfirmen<br \/> <\/span><span style=\"font-size: 18px;\">zusammen, wie Elektriker, Sanit\u00e4rer oder Maler.<br \/> <\/span><span style=\"font-size: 18px;\">Ihr Vorteil:<br \/> <\/span><span style=\"font-size: 18px;\">Nur ein Ansprechpartner f\u00fcr Sie, von der Planung bis zur Fertigstellung!<\/span><\/p>\n<p>[\/et_pb_text][\/et_pb_column][\/et_pb_row][et_pb_row _builder_version=&#8220;4.16&#8243; _module_preset=&#8220;default&#8220; global_colors_info=&#8220;{}&#8220;][et_pb_column type=&#8220;4_4&#8243; _builder_version=&#8220;4.16&#8243; _module_preset=&#8220;default&#8220; global_colors_info=&#8220;{}&#8220;][et_pb_image src=&#8220;https:\/\/rs-umbau.ch\/wp-content\/uploads\/2022\/01\/20211213_191912-scaled.jpg&#8220; title_text=&#8220;20211213_191912&#8243; _builder_version=&#8220;4.16&#8243; _module_preset=&#8220;default&#8220; global_colors_info=&#8220;{}&#8220;][\/et_pb_image][et_pb_image src=&#8220;https:\/\/rs-umbau.ch\/wp-content\/uploads\/2022\/01\/20200708_184808-scaled.jpg&#8220; title_text=&#8220;20200708_184808&#8243; _builder_version=&#8220;4.16&#8243; _module_preset=&#8220;default&#8220; global_colors_info=&#8220;{}&#8220;][\/et_pb_image][et_pb_image src=&#8220;https:\/\/rs-umbau.ch\/wp-content\/uploads\/2022\/01\/20200717_084532-scaled.jpg&#8220; title_text=&#8220;20200717_084532&#8243; _builder_version=&#8220;4.16&#8243; _module_preset=&#8220;default&#8220; global_colors_info=&#8220;{}&#8220;][\/et_pb_image][et_pb_image src=&#8220;https:\/\/rs-umbau.ch\/wp-content\/uploads\/2022\/01\/20210123_124823-scaled.jpg&#8220; title_text=&#8220;20210123_124823&#8243; _builder_version=&#8220;4.16&#8243; _module_preset=&#8220;default&#8220; global_colors_info=&#8220;{}&#8220;][\/et_pb_image][et_pb_image src=&#8220;https:\/\/rs-umbau.ch\/wp-content\/uploads\/2022\/01\/20211218_175527-scaled.jpg&#8220; title_text=&#8220;20211218_175527&#8243; _builder_version=&#8220;4.16&#8243; _module_preset=&#8220;default&#8220; global_colors_info=&#8220;{}&#8220;][\/et_pb_image][et_pb_image src=&#8220;https:\/\/rs-umbau.ch\/wp-content\/uploads\/2022\/01\/9-scaled.jpg&#8220; title_text=&#8220;9&#8243; _builder_version=&#8220;4.16&#8243; _module_preset=&#8220;default&#8220; global_colors_info=&#8220;{}&#8220;][\/et_pb_image][et_pb_image src=&#8220;https:\/\/rs-umbau.ch\/wp-content\/uploads\/2022\/01\/20210225_145055-scaled.jpg&#8220; title_text=&#8220;20210225_145055&#8243; _builder_version=&#8220;4.16&#8243; _module_preset=&#8220;default&#8220; custom_margin=&#8220;||-99px|||&#8220; custom_padding=&#8220;||0px|||&#8220; global_colors_info=&#8220;{}&#8220;][\/et_pb_image][et_pb_image src=&#8220;https:\/\/rs-umbau.ch\/wp-content\/uploads\/2022\/01\/20211204_191235-scaled.jpg&#8220; title_text=&#8220;20211204_191235&#8243; _builder_version=&#8220;4.16&#8243; _module_preset=&#8220;default&#8220; global_colors_info=&#8220;{}&#8220;][\/et_pb_image][et_pb_image src=&#8220;https:\/\/rs-umbau.ch\/wp-content\/uploads\/2022\/02\/20220124_084852.jpg&#8220; title_text=&#8220;20220124_084852&#8243; _builder_version=&#8220;4.16&#8243; _module_preset=&#8220;default&#8220; global_colors_info=&#8220;{}&#8220;][\/et_pb_image][\/et_pb_column][\/et_pb_row][et_pb_row _builder_version=&#8220;4.19.0&#8243; _module_preset=&#8220;default&#8220; column_structure=&#8220;1_2,1_2&#8243;][et_pb_column _builder_version=&#8220;4.19.0&#8243; _module_preset=&#8220;default&#8220; type=&#8220;1_2&#8243;][et_pb_image src=&#8220;https:\/\/rs-umbau.ch\/wp-content\/uploads\/2022\/11\/20220225_104800-scaled.jpg&#8220; _builder_version=&#8220;4.19.0&#8243; _module_preset=&#8220;default&#8220; title_text=&#8220;20220225_104800&#8243; hover_enabled=&#8220;0&#8243; sticky_enabled=&#8220;0&#8243;][\/et_pb_image][\/et_pb_column][et_pb_column _builder_version=&#8220;4.19.0&#8243; _module_preset=&#8220;default&#8220; type=&#8220;1_2&#8243;][et_pb_image src=&#8220;https:\/\/rs-umbau.ch\/wp-content\/uploads\/2022\/11\/20220712_183936-scaled.jpg&#8220; _builder_version=&#8220;4.19.0&#8243; _module_preset=&#8220;default&#8220; title_text=&#8220;20220712_183936&#8243; hover_enabled=&#8220;0&#8243; sticky_enabled=&#8220;0&#8243;][\/et_pb_image][\/et_pb_column][\/et_pb_row][et_pb_row _builder_version=&#8220;4.16&#8243; _module_preset=&#8220;default&#8220; global_colors_info=&#8220;{}&#8220;][et_pb_column type=&#8220;4_4&#8243; _builder_version=&#8220;4.16&#8243; _module_preset=&#8220;default&#8220; global_colors_info=&#8220;{}&#8220;][et_pb_code _builder_version=&#8220;4.16&#8243; _module_preset=&#8220;default&#8220; global_colors_info=&#8220;{}&#8220;][ngg src=&#8220;galleries&#8220; ids=&#8220;1&#8243; display=&#8220;basic_slideshow&#8220; thumbnail_crop=&#8220;0&#8243;][\/et_pb_code][\/et_pb_column][\/et_pb_row][\/et_pb_section]<\/p>\n","protected":false},"excerpt":{"rendered":"<p>Umbau &amp; Renovationen Sie planen einen Umbau oder haben ein Projekt? Sie m\u00f6chten gern selbst mit anpacken? Wissen aber nicht wie? Dann bin ich ihr Ansprechpartner! Gern \u00fcbernehme ich die Organisation Ihres Bauprojekts und behalte dabei Ihr Budget im Auge. Ich k\u00fcmmere mich um den korrekten Arbeitsablauf und arbeite dabei eng mit Fachfirmen zusammen, wie [&hellip;]<\/p>\n","protected":false},"author":1,"featured_media":0,"parent":0,"menu_order":0,"comment_status":"closed","ping_status":"closed","template":"page-template-blank.php","meta":{"_et_pb_use_builder":"on","_et_pb_old_content":"","_et_gb_content_width":"","footnotes":""},"class_list":["post-61","page","type-page","status-publish","hentry"],"_links":{"self":[{"href":"https:\/\/rs-umbau.ch\/index.php?rest_route=\/wp\/v2\/pages\/61","targetHints":{"allow":["GET"]}}],"collection":[{"href":"https:\/\/rs-umbau.ch\/index.php?rest_route=\/wp\/v2\/pages"}],"about":[{"href":"https:\/\/rs-umbau.ch\/index.php?rest_route=\/wp\/v2\/types\/page"}],"author":[{"embeddable":true,"href":"https:\/\/rs-umbau.ch\/index.php?rest_route=\/wp\/v2\/users\/1"}],"replies":[{"embeddable":true,"href":"https:\/\/rs-umbau.ch\/index.php?rest_route=%2Fwp%2Fv2%2Fcomments&post=61"}],"version-history":[{"count":11,"href":"https:\/\/rs-umbau.ch\/index.php?rest_route=\/wp\/v2\/pages\/61\/revisions"}],"predecessor-version":[{"id":827,"href":"https:\/\/rs-umbau.ch\/index.php?rest_route=\/wp\/v2\/pages\/61\/revisions\/827"}],"wp:attachment":[{"href":"https:\/\/rs-umbau.ch\/index.php?rest_route=%2Fwp%2Fv2%2Fmedia&parent=61"}],"curies":[{"name":"wp","href":"https:\/\/api.w.org\/{rel}","templated":true}]}}