{"id":624,"date":"2021-03-22T20:36:24","date_gmt":"2021-03-22T19:36:24","guid":{"rendered":"https:\/\/test.ruppen.productions\/?page_id=624"},"modified":"2023-11-03T16:19:11","modified_gmt":"2023-11-03T15:19:11","slug":"624-2","status":"publish","type":"page","link":"https:\/\/rs-umbau.ch\/?page_id=624","title":{"rendered":"Erh\u00e4ltlich im Laden"},"content":{"rendered":"<p>[et_pb_section fb_built=&#8220;1&#8243; _builder_version=&#8220;4.16&#8243; background_image=&#8220;https:\/\/rs-umbau.ch\/wp-content\/uploads\/2020\/08\/BG2.jpg&#8220; parallax=&#8220;on&#8220; parallax_method=&#8220;off&#8220; global_colors_info=&#8220;{}&#8220;][et_pb_row _builder_version=&#8220;4.16&#8243; _module_preset=&#8220;default&#8220; global_colors_info=&#8220;{}&#8220;][et_pb_column type=&#8220;4_4&#8243; _builder_version=&#8220;4.16&#8243; _module_preset=&#8220;default&#8220; global_colors_info=&#8220;{}&#8220;][et_pb_menu active_link_color=&#8220;#ea7b3c&#8220; _builder_version=&#8220;4.16&#8243; _module_preset=&#8220;default&#8220; menu_font=&#8220;Roboto Condensed||||||||&#8220; menu_text_color=&#8220;#969696&#8243; menu_font_size=&#8220;18px&#8220; menu_line_height=&#8220;1.4em&#8220; background_enable_color=&#8220;off&#8220; hover_enabled=&#8220;0&#8243; global_colors_info=&#8220;{}&#8220; sticky_enabled=&#8220;0&#8243;][\/et_pb_menu][\/et_pb_column][\/et_pb_row][et_pb_row _builder_version=&#8220;4.16&#8243; _module_preset=&#8220;default&#8220; global_colors_info=&#8220;{}&#8220;][et_pb_column type=&#8220;4_4&#8243; _builder_version=&#8220;4.16&#8243; _module_preset=&#8220;default&#8220; global_colors_info=&#8220;{}&#8220;][et_pb_text _builder_version=&#8220;4.23&#8243; _module_preset=&#8220;default&#8220; background_layout=&#8220;dark&#8220; hover_enabled=&#8220;0&#8243; global_colors_info=&#8220;{}&#8220; sticky_enabled=&#8220;0&#8243;]<\/p>\n<div id=\"cc-m-14002077223\" class=\"j-module n j-header \">\n<div id=\"cc-m-13871493023\" class=\"j-module n j-header \">\n<h1 id=\"cc-m-header-11625763423\">unique<span style=\"color: #ed6a00;\"><strong>4<\/strong><\/span>you<\/h1>\n<\/div>\n<\/div>\n<p>[\/et_pb_text][\/et_pb_column][\/et_pb_row][et_pb_row _builder_version=&#8220;4.16&#8243; _module_preset=&#8220;default&#8220; global_colors_info=&#8220;{}&#8220;][et_pb_column type=&#8220;4_4&#8243; _builder_version=&#8220;4.16&#8243; _module_preset=&#8220;default&#8220; global_colors_info=&#8220;{}&#8220;][et_pb_text _builder_version=&#8220;4.16&#8243; _module_preset=&#8220;default&#8220; text_text_color=&#8220;#FFFFFF&#8220; global_colors_info=&#8220;{}&#8220;]<\/p>\n<p><strong>Whisky Fass als Bar 220 L<\/strong><br \/>Die F\u00e4sser wurden gereinigt, sandgestrahlt und mit Wachs und Holz\u00f6l bearbeitet, zum Schluss mit Klarlack beschichtet,<br \/>Wir bearbeiten F\u00e4sser auch nach Wunsch, Preis ab 680,-<\/p>\n<p>[\/et_pb_text][modula_gallery gallery_select=&#8220;646&#8243; _builder_version=&#8220;4.16&#8243; _module_preset=&#8220;default&#8220; global_colors_info=&#8220;{}&#8220;][\/modula_gallery][\/et_pb_column][\/et_pb_row][\/et_pb_section]<\/p>\n","protected":false},"excerpt":{"rendered":"<p>unique4you Whisky Fass als Bar 220 LDie F\u00e4sser wurden gereinigt, sandgestrahlt und mit Wachs und Holz\u00f6l bearbeitet, zum Schluss mit Klarlack beschichtet,Wir bearbeiten F\u00e4sser auch nach Wunsch, Preis ab 680,-<div class=\"et_pb_module modula_gallery modula_gallery_0\">\n\t\t\t\t\n\t\t\t\t\n\t\t\t\t\n\t\t\t\t\n\t\t\t\t\n\t\t\t\t\n\t\t\t\t<div class=\"et_pb_module_inner\">\n\t\t\t\t\t<style>#jtg-646 .modula-item .jtg-social a, .lightbox-socials.jtg-social a{ color: #ffffff }#jtg-646 .modula-item .jtg-social svg, .lightbox-socials.jtg-social svg { height: 16px; width: 16px }#jtg-646 .modula-item .jtg-social a:not(:last-child), .lightbox-socials.jtg-social a:not(:last-child) { margin-right: 10px }#jtg-646 .modula-item .figc {color:#ffffff;}#jtg-646 .modula-item .modula-item-content { transform: scale(1) }#jtg-646 { width:100%;}#jtg-646 .modula-items{height:500px;}@media screen and (max-width: 992px) {#jtg-646 .modula-items{height:500px;}}@media screen and (max-width: 768px) {#jtg-646 .modula-items{height:500px;}}#jtg-646 .modula-items .figc p.description { font-size:14px; }#jtg-646 .modula-items .figc p.description { color:#ffffff;}#jtg-646.modula-gallery .modula-item > a, #jtg-646.modula-gallery .modula-item, #jtg-646.modula-gallery .modula-item-content > a:not(.modula-no-follow) { cursor:zoom-in; } #jtg-646.modula-gallery .modula-item-content .modula-no-follow { cursor: default; } @media screen and (max-width:480px){#jtg-646 .modula-item .figc .jtg-title {  font-size: 12px; }#jtg-646 .modula-items .figc p.description { color:#ffffff;font-size:10px; }}<\/style>\n<!-- Gallery Container -->\n<div  id=\"jtg-646\" class=\"modula modula-gallery modula-creative-gallery\" data-config=\"{&quot;height&quot;:500,&quot;tabletHeight&quot;:500,&quot;mobileHeight&quot;:500,&quot;desktopHeight&quot;:500,&quot;enableTwitter&quot;:false,&quot;enableWhatsapp&quot;:false,&quot;enableFacebook&quot;:false,&quot;enablePinterest&quot;:false,&quot;enableLinkedin&quot;:false,&quot;enableEmail&quot;:false,&quot;randomFactor&quot;:0.5,&quot;type&quot;:&quot;creative-gallery&quot;,&quot;columns&quot;:12,&quot;gutter&quot;:10,&quot;mobileGutter&quot;:10,&quot;tabletGutter&quot;:10,&quot;desktopGutter&quot;:10,&quot;enableResponsive&quot;:&quot;0&quot;,&quot;tabletColumns&quot;:&quot;2&quot;,&quot;mobileColumns&quot;:&quot;1&quot;,&quot;lazyLoad&quot;:&quot;0&quot;,&quot;lightboxOpts&quot;:{&quot;loop&quot;:false,&quot;arrows&quot;:true,&quot;toolbar&quot;:true,&quot;keyboard&quot;:true,&quot;wheel&quot;:false,&quot;buttons&quot;:[&quot;close&quot;],&quot;hash&quot;:false,&quot;lang&quot;:&quot;en&quot;,&quot;touch&quot;:false,&quot;protect&quot;:false,&quot;i18n&quot;:{&quot;en&quot;:{&quot;CLOSE&quot;:&quot;Close&quot;,&quot;NEXT&quot;:&quot;Next&quot;,&quot;PREV&quot;:&quot;Previous&quot;,&quot;Error&quot;:&quot;The requested content cannot be loaded. Please try again later.&quot;,&quot;PLAY_START&quot;:&quot;Start slideshow&quot;,&quot;PLAY_STOP&quot;:&quot;Pause slideshow&quot;,&quot;FULL_SCREEN&quot;:&quot;Full screen&quot;,&quot;THUMBS&quot;:&quot;Thumbnails&quot;,&quot;DOWNLOAD&quot;:&quot;Download&quot;,&quot;SHARE&quot;:&quot;Share&quot;,&quot;ZOOM&quot;:&quot;Zoom&quot;}},&quot;clickSlide&quot;:false,&quot;clickOutside&quot;:false,&quot;dblclickContent&quot;:false,&quot;dblclickSlide&quot;:false,&quot;dblclickOutside&quot;:false,&quot;clickContent&quot;:false,&quot;baseTpl&quot;:&quot;&lt;div class=\\&quot;modula-fancybox-container modula-lightbox-jtg-646\\&quot; role=\\&quot;dialog\\&quot; tabindex=\\&quot;-1\\&quot;&gt;&lt;div class=\\&quot;modula-fancybox-bg\\&quot;&gt;&lt;\\\/div&gt;&lt;div class=\\&quot;modula-fancybox-inner\\&quot;&gt;&lt;div class=\\&quot;modula-fancybox-infobar\\&quot;&gt;&lt;span data-fancybox-index&gt;&lt;\\\/span&gt;&nbsp;\\\/&nbsp;&lt;span data-fancybox-count&gt;&lt;\\\/span&gt;&lt;\\\/div&gt;&lt;div class=\\&quot;modula-fancybox-toolbar\\&quot;&gt;{{buttons}}&lt;\\\/div&gt;&lt;div class=\\&quot;modula-fancybox-navigation\\&quot;&gt;{{arrows}}&lt;\\\/div&gt;&lt;div class=\\&quot;modula-fancybox-stage\\&quot;&gt;&lt;\\\/div&gt;&lt;div class=\\&quot;modula-fancybox-caption\\&quot;&gt;&lt;div class=\\&quot;modula-fancybox-caption__body\\&quot;&gt;&lt;\\\/div&gt;&lt;\\\/div&gt;&lt;\\\/div&gt;&lt;\\\/div&gt;&quot;},&quot;inView&quot;:false,&quot;email_subject&quot;:&quot;Check out this awesome image !!&quot;,&quot;email_message&quot;:&quot;Here is the link to the image : %%image_link%% and this is the link to the gallery : %%gallery_link%%&quot;,&quot;lightbox&quot;:&quot;fancybox&quot;}\">\n\n\t\n\t<!-- Items Container -->\n\t<div  class=\"modula-items\">\n\t\t<div class=\"modula-item effect-pufrobo\" >\n\t<div class=\"modula-item-overlay\"><\/div>\n\n\t<div class=\"modula-item-content\">\n\n\t\t\t\t\n\t\t\t\t\t<a data-image-id=\"637\" rel=\"jtg-646\" data-caption=\"\" aria-label=\"Open image in lightbox\" class=\"tile-inner modula-item-link\"><\/a>\n\t\t\n\t\t<img loading=\"lazy\" decoding=\"async\" class=\"pic wp-image-637\"  data-valign=\"middle\" data-halign=\"center\" alt=\"\" data-full=\"https:\/\/rs-umbau.ch\/wp-content\/uploads\/2021\/03\/image21.jpg\" title=\"image21\" width=\"165\" height=\"300\" src=\"https:\/\/rs-umbau.ch\/wp-content\/uploads\/2021\/03\/image21-165x300.jpg\" data-src=\"https:\/\/rs-umbau.ch\/wp-content\/uploads\/2021\/03\/image21-165x300.jpg\" data-caption=\"\"srcset=\"https:\/\/rs-umbau.ch\/wp-content\/uploads\/2021\/03\/image21.jpg 220w, https:\/\/rs-umbau.ch\/wp-content\/uploads\/2021\/03\/image21-165x300.jpg 165w\" sizes=\"(max-width: 165px) 100vw, 165px\"\" srcset=\"https:\/\/rs-umbau.ch\/wp-content\/uploads\/2021\/03\/image21-165x300.jpg 165w, https:\/\/rs-umbau.ch\/wp-content\/uploads\/2021\/03\/image21.jpg 220w\" \/>\n\t\t<div class=\"figc no-description\">\n\t\t\t<div class=\"figc-inner\">\n\t\t\t\t\t\t\t\t\t\t\t\t\t\t\t<\/div>\n\t\t<\/div>\n\n\t<\/div>\n\n<\/div><div class=\"modula-item effect-pufrobo\" >\n\t<div class=\"modula-item-overlay\"><\/div>\n\n\t<div class=\"modula-item-content\">\n\n\t\t\t\t\n\t\t\t\t\t<a data-image-id=\"633\" rel=\"jtg-646\" data-caption=\"\" aria-label=\"Open image in lightbox\" class=\"tile-inner modula-item-link\"><\/a>\n\t\t\n\t\t<img loading=\"lazy\" decoding=\"async\" class=\"pic wp-image-633\"  data-valign=\"middle\" data-halign=\"center\" alt=\"\" data-full=\"https:\/\/rs-umbau.ch\/wp-content\/uploads\/2021\/03\/image6.jpg\" title=\"image6\" width=\"165\" height=\"300\" src=\"https:\/\/rs-umbau.ch\/wp-content\/uploads\/2021\/03\/image6-165x300.jpg\" data-src=\"https:\/\/rs-umbau.ch\/wp-content\/uploads\/2021\/03\/image6-165x300.jpg\" data-caption=\"\"srcset=\"https:\/\/rs-umbau.ch\/wp-content\/uploads\/2021\/03\/image6.jpg 220w, https:\/\/rs-umbau.ch\/wp-content\/uploads\/2021\/03\/image6-165x300.jpg 165w\" sizes=\"(max-width: 165px) 100vw, 165px\"\" srcset=\"https:\/\/rs-umbau.ch\/wp-content\/uploads\/2021\/03\/image6-165x300.jpg 165w, https:\/\/rs-umbau.ch\/wp-content\/uploads\/2021\/03\/image6.jpg 220w\" \/>\n\t\t<div class=\"figc no-description\">\n\t\t\t<div class=\"figc-inner\">\n\t\t\t\t\t\t\t\t\t\t\t\t\t\t\t<\/div>\n\t\t<\/div>\n\n\t<\/div>\n\n<\/div><div class=\"modula-item effect-pufrobo\" >\n\t<div class=\"modula-item-overlay\"><\/div>\n\n\t<div class=\"modula-item-content\">\n\n\t\t\t\t\n\t\t\t\t\t<a data-image-id=\"636\" rel=\"jtg-646\" data-caption=\"\" aria-label=\"Open image in lightbox\" class=\"tile-inner modula-item-link\"><\/a>\n\t\t\n\t\t<img loading=\"lazy\" decoding=\"async\" class=\"pic wp-image-636\"  data-valign=\"middle\" data-halign=\"center\" alt=\"\" data-full=\"https:\/\/rs-umbau.ch\/wp-content\/uploads\/2021\/03\/image19.jpg\" title=\"image19\" width=\"165\" height=\"300\" src=\"https:\/\/rs-umbau.ch\/wp-content\/uploads\/2021\/03\/image19-165x300.jpg\" data-src=\"https:\/\/rs-umbau.ch\/wp-content\/uploads\/2021\/03\/image19-165x300.jpg\" data-caption=\"\"srcset=\"https:\/\/rs-umbau.ch\/wp-content\/uploads\/2021\/03\/image19.jpg 220w, https:\/\/rs-umbau.ch\/wp-content\/uploads\/2021\/03\/image19-165x300.jpg 165w\" sizes=\"(max-width: 165px) 100vw, 165px\"\" srcset=\"https:\/\/rs-umbau.ch\/wp-content\/uploads\/2021\/03\/image19-165x300.jpg 165w, https:\/\/rs-umbau.ch\/wp-content\/uploads\/2021\/03\/image19.jpg 220w\" \/>\n\t\t<div class=\"figc no-description\">\n\t\t\t<div class=\"figc-inner\">\n\t\t\t\t\t\t\t\t\t\t\t\t\t\t\t<\/div>\n\t\t<\/div>\n\n\t<\/div>\n\n<\/div><div class=\"modula-item effect-pufrobo\" >\n\t<div class=\"modula-item-overlay\"><\/div>\n\n\t<div class=\"modula-item-content\">\n\n\t\t\t\t\n\t\t\t\t\t<a data-image-id=\"635\" rel=\"jtg-646\" data-caption=\"\" aria-label=\"Open image in lightbox\" class=\"tile-inner modula-item-link\"><\/a>\n\t\t\n\t\t<img loading=\"lazy\" decoding=\"async\" class=\"pic wp-image-635\"  data-valign=\"middle\" data-halign=\"center\" alt=\"\" data-full=\"https:\/\/rs-umbau.ch\/wp-content\/uploads\/2021\/03\/image13.jpg\" title=\"image13\" width=\"165\" height=\"300\" src=\"https:\/\/rs-umbau.ch\/wp-content\/uploads\/2021\/03\/image13-165x300.jpg\" data-src=\"https:\/\/rs-umbau.ch\/wp-content\/uploads\/2021\/03\/image13-165x300.jpg\" data-caption=\"\"srcset=\"https:\/\/rs-umbau.ch\/wp-content\/uploads\/2021\/03\/image13.jpg 220w, https:\/\/rs-umbau.ch\/wp-content\/uploads\/2021\/03\/image13-165x300.jpg 165w\" sizes=\"(max-width: 165px) 100vw, 165px\"\" srcset=\"https:\/\/rs-umbau.ch\/wp-content\/uploads\/2021\/03\/image13-165x300.jpg 165w, https:\/\/rs-umbau.ch\/wp-content\/uploads\/2021\/03\/image13.jpg 220w\" \/>\n\t\t<div class=\"figc no-description\">\n\t\t\t<div class=\"figc-inner\">\n\t\t\t\t\t\t\t\t\t\t\t\t\t\t\t<\/div>\n\t\t<\/div>\n\n\t<\/div>\n\n<\/div><div class=\"modula-item effect-pufrobo\" >\n\t<div class=\"modula-item-overlay\"><\/div>\n\n\t<div class=\"modula-item-content\">\n\n\t\t\t\t\n\t\t\t\t\t<a data-image-id=\"632\" rel=\"jtg-646\" data-caption=\"\" aria-label=\"Open image in lightbox\" class=\"tile-inner modula-item-link\"><\/a>\n\t\t\n\t\t<img loading=\"lazy\" decoding=\"async\" class=\"pic wp-image-632\"  data-valign=\"middle\" data-halign=\"center\" alt=\"\" data-full=\"https:\/\/rs-umbau.ch\/wp-content\/uploads\/2021\/03\/image4.jpg\" title=\"image4\" width=\"165\" height=\"300\" src=\"https:\/\/rs-umbau.ch\/wp-content\/uploads\/2021\/03\/image4-165x300.jpg\" data-src=\"https:\/\/rs-umbau.ch\/wp-content\/uploads\/2021\/03\/image4-165x300.jpg\" data-caption=\"\"srcset=\"https:\/\/rs-umbau.ch\/wp-content\/uploads\/2021\/03\/image4.jpg 220w, https:\/\/rs-umbau.ch\/wp-content\/uploads\/2021\/03\/image4-165x300.jpg 165w\" sizes=\"(max-width: 165px) 100vw, 165px\"\" srcset=\"https:\/\/rs-umbau.ch\/wp-content\/uploads\/2021\/03\/image4-165x300.jpg 165w, https:\/\/rs-umbau.ch\/wp-content\/uploads\/2021\/03\/image4.jpg 220w\" \/>\n\t\t<div class=\"figc no-description\">\n\t\t\t<div class=\"figc-inner\">\n\t\t\t\t\t\t\t\t\t\t\t\t\t\t\t<\/div>\n\t\t<\/div>\n\n\t<\/div>\n\n<\/div><div class=\"modula-item effect-pufrobo\" >\n\t<div class=\"modula-item-overlay\"><\/div>\n\n\t<div class=\"modula-item-content\">\n\n\t\t\t\t\n\t\t\t\t\t<a data-image-id=\"629\" rel=\"jtg-646\" data-caption=\"\" aria-label=\"Open image in lightbox\" class=\"tile-inner modula-item-link\"><\/a>\n\t\t\n\t\t<img loading=\"lazy\" decoding=\"async\" class=\"pic wp-image-629\"  data-valign=\"middle\" data-halign=\"center\" alt=\"\" data-full=\"https:\/\/rs-umbau.ch\/wp-content\/uploads\/2021\/03\/image1.jpg\" title=\"image1\" width=\"165\" height=\"300\" src=\"https:\/\/rs-umbau.ch\/wp-content\/uploads\/2021\/03\/image1-165x300.jpg\" data-src=\"https:\/\/rs-umbau.ch\/wp-content\/uploads\/2021\/03\/image1-165x300.jpg\" data-caption=\"\"\/>\n\t\t<div class=\"figc no-description\">\n\t\t\t<div class=\"figc-inner\">\n\t\t\t\t\t\t\t\t\t\t\t\t\t\t\t<\/div>\n\t\t<\/div>\n\n\t<\/div>\n\n<\/div>\t\t\n\t<\/div>\n\n\t\n\t\n\t<script type=\"application\/ld+json\">\n\t{\n\t\t\"@context\": \"http:\/\/schema.org\",\n\t\t\"@type\"   : \"ImageGallery\",\n\t\t\"id\"      : \"https:\/\/rs-umbau.ch\",\n\t\t\"url\"     : \"https:\/\/rs-umbau.ch\"\n\t}\n\n    <\/script>\n\n\t\n<\/div>\n\t\t\t\t<\/div>\n\t\t\t<\/div><\/p>\n","protected":false},"author":1,"featured_media":0,"parent":0,"menu_order":0,"comment_status":"closed","ping_status":"closed","template":"page-template-blank.php","meta":{"_et_pb_use_builder":"on","_et_pb_old_content":"","_et_gb_content_width":"","footnotes":""},"class_list":["post-624","page","type-page","status-publish","hentry"],"_links":{"self":[{"href":"https:\/\/rs-umbau.ch\/index.php?rest_route=\/wp\/v2\/pages\/624","targetHints":{"allow":["GET"]}}],"collection":[{"href":"https:\/\/rs-umbau.ch\/index.php?rest_route=\/wp\/v2\/pages"}],"about":[{"href":"https:\/\/rs-umbau.ch\/index.php?rest_route=\/wp\/v2\/types\/page"}],"author":[{"embeddable":true,"href":"https:\/\/rs-umbau.ch\/index.php?rest_route=\/wp\/v2\/users\/1"}],"replies":[{"embeddable":true,"href":"https:\/\/rs-umbau.ch\/index.php?rest_route=%2Fwp%2Fv2%2Fcomments&post=624"}],"version-history":[{"count":19,"href":"https:\/\/rs-umbau.ch\/index.php?rest_route=\/wp\/v2\/pages\/624\/revisions"}],"predecessor-version":[{"id":879,"href":"https:\/\/rs-umbau.ch\/index.php?rest_route=\/wp\/v2\/pages\/624\/revisions\/879"}],"wp:attachment":[{"href":"https:\/\/rs-umbau.ch\/index.php?rest_route=%2Fwp%2Fv2%2Fmedia&parent=624"}],"curies":[{"name":"wp","href":"https:\/\/api.w.org\/{rel}","templated":true}]}}