{"id":76,"date":"2020-08-10T18:41:57","date_gmt":"2020-08-10T18:41:57","guid":{"rendered":"https:\/\/test.ruppen.productions\/?page_id=76"},"modified":"2021-03-22T22:39:12","modified_gmt":"2021-03-22T21:39:12","slug":"kontakt","status":"publish","type":"page","link":"https:\/\/rs-umbau.ch\/?page_id=76","title":{"rendered":"Kontakt"},"content":{"rendered":"<p>[et_pb_section fb_built=&#8220;1&#8243; disabled_on=&#8220;on|on|off&#8220; _builder_version=&#8220;4.5.5&#8243; background_image=&#8220;https:\/\/rs-umbau.ch\/wp-content\/uploads\/2020\/08\/BG3-scaled.jpg&#8220; parallax=&#8220;on&#8220; parallax_method=&#8220;off&#8220;][et_pb_row _builder_version=&#8220;4.5.5&#8243; _module_preset=&#8220;default&#8220;][et_pb_column type=&#8220;4_4&#8243; _builder_version=&#8220;4.5.5&#8243; _module_preset=&#8220;default&#8220;][et_pb_menu active_link_color=&#8220;#ea7b3c&#8220; _builder_version=&#8220;4.5.5&#8243; _module_preset=&#8220;default&#8220; menu_font=&#8220;Roboto Condensed||||||||&#8220; menu_text_color=&#8220;#969696&#8243; menu_font_size=&#8220;18px&#8220; menu_line_height=&#8220;1.4em&#8220; background_enable_color=&#8220;off&#8220;][\/et_pb_menu][\/et_pb_column][\/et_pb_row][et_pb_row column_structure=&#8220;1_2,1_2&#8243; _builder_version=&#8220;4.5.5&#8243; _module_preset=&#8220;default&#8220;][et_pb_column type=&#8220;1_2&#8243; _builder_version=&#8220;4.5.5&#8243; _module_preset=&#8220;default&#8220;][et_pb_text _builder_version=&#8220;4.5.5&#8243; _module_preset=&#8220;default&#8220; custom_margin=&#8220;62px||||false|false&#8220; custom_padding=&#8220;||63px|||&#8220;]<\/p>\n<p><span>Raumausstatter Salomon GmbH<br \/><\/span><span>Marcus Salomon<br \/><\/span><span>Gliserallee 80<br \/><\/span><span>3902 Glis<\/span><\/p>\n<p><span>\u00a0<\/span><\/p>\n<p><span>Tel. +41 79 213 41 95<br \/><\/span><a href=\"mailto:info@rs-umbau.ch\" title=\"info@rs-umbau.ch\" data-bcup-haslogintext=\"no\"><span>info@rs-umbau.ch<\/span><\/a><\/p>\n<p>[\/et_pb_text][et_pb_code _builder_version=&#8220;4.9.2&#8243; _module_preset=&#8220;default&#8220;]<iframe width='100%' height='480' src='https:\/\/my.matterport.com\/show\/?m=g7SfkGYss9y' frameborder='0' allowfullscreen allow='xr-spatial-tracking'><\/iframe>[\/et_pb_code][et_pb_text _builder_version=&#8220;4.5.5&#8243; _module_preset=&#8220;default&#8220; custom_margin=&#8220;12px||||false|false&#8220;]<\/p>\n<p><span>Sie m\u00f6chten Ihre Ideen in die Tat umsetzen?<br \/> <\/span><span>Dann finden sie in mir den richtigen Partner f\u00fcr die Realisierung!<br \/> <\/span><span>Ich plane das fast Unm\u00f6gliche und stehe Ihnen mit Herzblut und kreativen Ideen zur Seite.<br \/> <\/span><span>Wir freuen uns auf Ihre Kontaktaufnahme.<\/span><\/p>\n<p>[\/et_pb_text][\/et_pb_column][et_pb_column type=&#8220;1_2&#8243; _builder_version=&#8220;4.5.5&#8243; _module_preset=&#8220;default&#8220;][\/et_pb_column][\/et_pb_row][et_pb_row _builder_version=&#8220;4.5.5&#8243; _module_preset=&#8220;default&#8220;][et_pb_column type=&#8220;4_4&#8243; _builder_version=&#8220;4.5.5&#8243; _module_preset=&#8220;default&#8220;][et_pb_divider show_divider=&#8220;off&#8220; _builder_version=&#8220;4.5.5&#8243; _module_preset=&#8220;default&#8220; height=&#8220;280px&#8220;][\/et_pb_divider][\/et_pb_column][\/et_pb_row][\/et_pb_section][et_pb_section fb_built=&#8220;1&#8243; disabled_on=&#8220;off|off|on&#8220; module_id=&#8220;mobilejon&#8220; module_class=&#8220;mobilejon&#8220; _builder_version=&#8220;4.5.5&#8243; background_image=&#8220;https:\/\/rs-umbau.ch\/wp-content\/uploads\/2020\/08\/BG3-scaled.jpg&#8220; custom_margin=&#8220;||||false|false&#8220; custom_padding=&#8220;||||false|false&#8220;][et_pb_row _builder_version=&#8220;4.5.5&#8243; _module_preset=&#8220;default&#8220;][et_pb_column type=&#8220;4_4&#8243; _builder_version=&#8220;4.5.5&#8243; _module_preset=&#8220;default&#8220;][et_pb_menu active_link_color=&#8220;#ea7b3c&#8220; _builder_version=&#8220;4.5.5&#8243; _module_preset=&#8220;default&#8220; menu_font=&#8220;Roboto Condensed||||||||&#8220; menu_text_color=&#8220;#969696&#8243; menu_font_size=&#8220;18px&#8220; menu_line_height=&#8220;1.4em&#8220; background_enable_color=&#8220;off&#8220;][\/et_pb_menu][\/et_pb_column][\/et_pb_row][et_pb_row column_structure=&#8220;1_2,1_2&#8243; _builder_version=&#8220;4.5.5&#8243; _module_preset=&#8220;default&#8220;][et_pb_column type=&#8220;1_2&#8243; _builder_version=&#8220;4.5.5&#8243; _module_preset=&#8220;default&#8220;][et_pb_text _builder_version=&#8220;4.5.5&#8243; _module_preset=&#8220;default&#8220; custom_margin=&#8220;62px||||false|false&#8220;]<\/p>\n<p><span>Raumausstatter Salomon GmbH<br \/> <\/span><span>Marcus Salomon<br \/> <\/span><span>Breistrasse 41<br \/> <\/span><span>3911 Ried-Brig<\/span><\/p>\n<p><span>\u00a0<\/span><\/p>\n<p><span>Tel. +41 79 213 41 95<br \/><\/span><a href=\"mailto:info@rs-umbau.ch\" title=\"info@rs-umbau.ch\" data-bcup-haslogintext=\"no\"><span>info@rs-umbau.ch<\/span><\/a><\/p>\n<p>[\/et_pb_text][et_pb_text _builder_version=&#8220;4.5.5&#8243; _module_preset=&#8220;default&#8220; custom_margin=&#8220;132px||||false|false&#8220;]<\/p>\n<p><span>Sie m\u00f6chten Ihre Ideen in die Tat umsetzen?<br \/> <\/span><span>Dann finden sie in mir den richtigen Partner f\u00fcr die Realisierung!<br \/> <\/span><span>Ich plane das fast Unm\u00f6gliche und stehe Ihnen mit Herzblut und kreativen Ideen zur Seite.<br \/> <\/span><span>Wir freuen uns auf Ihre Kontaktaufnahme.<\/span><\/p>\n<p>[\/et_pb_text][\/et_pb_column][et_pb_column type=&#8220;1_2&#8243; _builder_version=&#8220;4.5.5&#8243; _module_preset=&#8220;default&#8220;][\/et_pb_column][\/et_pb_row][et_pb_row _builder_version=&#8220;4.5.5&#8243; _module_preset=&#8220;default&#8220;][et_pb_column type=&#8220;4_4&#8243; _builder_version=&#8220;4.5.5&#8243; _module_preset=&#8220;default&#8220;][et_pb_divider show_divider=&#8220;off&#8220; _builder_version=&#8220;4.5.5&#8243; _module_preset=&#8220;default&#8220; height=&#8220;280px&#8220;][\/et_pb_divider][\/et_pb_column][\/et_pb_row][\/et_pb_section]<\/p>\n","protected":false},"excerpt":{"rendered":"<p>Raumausstatter Salomon GmbHMarcus SalomonGliserallee 803902 Glis \u00a0 Tel. +41 79 213 41 95info@rs-umbau.chSie m\u00f6chten Ihre Ideen in die Tat umsetzen? Dann finden sie in mir den richtigen Partner f\u00fcr die Realisierung! Ich plane das fast Unm\u00f6gliche und stehe Ihnen mit Herzblut und kreativen Ideen zur Seite. Wir freuen uns auf Ihre Kontaktaufnahme.Raumausstatter Salomon GmbH Marcus [&hellip;]<\/p>\n","protected":false},"author":1,"featured_media":0,"parent":0,"menu_order":0,"comment_status":"closed","ping_status":"closed","template":"page-template-blank.php","meta":{"_et_pb_use_builder":"on","_et_pb_old_content":"","_et_gb_content_width":"","footnotes":""},"class_list":["post-76","page","type-page","status-publish","hentry"],"_links":{"self":[{"href":"https:\/\/rs-umbau.ch\/index.php?rest_route=\/wp\/v2\/pages\/76","targetHints":{"allow":["GET"]}}],"collection":[{"href":"https:\/\/rs-umbau.ch\/index.php?rest_route=\/wp\/v2\/pages"}],"about":[{"href":"https:\/\/rs-umbau.ch\/index.php?rest_route=\/wp\/v2\/types\/page"}],"author":[{"embeddable":true,"href":"https:\/\/rs-umbau.ch\/index.php?rest_route=\/wp\/v2\/users\/1"}],"replies":[{"embeddable":true,"href":"https:\/\/rs-umbau.ch\/index.php?rest_route=%2Fwp%2Fv2%2Fcomments&post=76"}],"version-history":[{"count":12,"href":"https:\/\/rs-umbau.ch\/index.php?rest_route=\/wp\/v2\/pages\/76\/revisions"}],"predecessor-version":[{"id":724,"href":"https:\/\/rs-umbau.ch\/index.php?rest_route=\/wp\/v2\/pages\/76\/revisions\/724"}],"wp:attachment":[{"href":"https:\/\/rs-umbau.ch\/index.php?rest_route=%2Fwp%2Fv2%2Fmedia&parent=76"}],"curies":[{"name":"wp","href":"https:\/\/api.w.org\/{rel}","templated":true}]}}